{"id":180,"date":"2017-08-02T16:15:31","date_gmt":"2017-08-02T16:15:31","guid":{"rendered":"http:\/\/avvspa\/?page_id=180"},"modified":"2024-03-21T15:41:19","modified_gmt":"2024-03-21T15:41:19","slug":"luca-basilio","status":"publish","type":"page","link":"http:\/\/www.studiopenalistiassociati.net\/new\/i-professionisti\/luca-basilio\/","title":{"rendered":"Luca Basilio"},"content":{"rendered":"<p><a href=\"http:\/\/studiopenalistiassociati.net\/new\/wp-content\/uploads\/2018\/03\/luca-basilio.jpeg\"><img loading=\"lazy\" decoding=\"async\" class=\"wp-image-1462 size-full alignleft\" src=\"http:\/\/studiopenalistiassociati.net\/new\/wp-content\/uploads\/2018\/03\/luca-basilio.jpeg\" alt=\"Fotografia di Luca Basilio Avvocato\" width=\"200\" height=\"200\" srcset=\"http:\/\/studiopenalistiassociati.net\/new\/wp-content\/uploads\/2018\/03\/luca-basilio.jpeg 200w, http:\/\/studiopenalistiassociati.net\/new\/wp-content\/uploads\/2018\/03\/luca-basilio-150x150.jpeg 150w\" sizes=\"auto, (max-width: 200px) 100vw, 200px\" \/><\/a><em>Partner<\/em>.<\/p>\n<p>Laureato presso l&#8217;Universit\u00e0 degli studi di Milano.<\/p>\n<p>\u00c8 iscritto all\u2019Ordine degli Avvocati di Milano dal 1991 ed \u00e8 abilitato al patrocinio avanti le giurisdizioni superiori dal 2003.<\/p>\n<p>\u00c8 stato <em>partner<\/em> in studi legali multidisciplinari italiani, tra cui Rossotto e Associati, oggi RP Legal, ed \u00e8 stato per pi\u00f9 di quindici anni <em>of counsel<\/em> in Simmons &amp; Simmons, studio legale internazionale nell\u2019ambito del quale era responsabile in Italia per il <em>team<\/em> di <em>White Collar Crime<\/em>.<\/p>\n<p>Opera nel settore del diritto penale dell\u2019economia, con particolare riferimento alle materie del diritto penale societario e fallimentare, bancario e finanziario (abusi di mercato, usura, ecc.), del lavoro (sicurezza sul lavoro e infortunistica, intermediazione di manodopera, evasioni contributive), industriale (frodi in commercio, frodi in pubbliche forniture, violazioni in materia di alimenti, violazioni in materia di marchi, brevetti o diritti d\u2019autore), tributario. Ha maturato anche una vasta esperienza nel settore del diritto penale della pubblica amministrazione (corruzione, abuso d\u2019ufficio). In relazione alle tematiche di cui al D.Lgs. 231\/2001, ha assistito societ\u00e0 nazionali e internazionali sia per l\u2019implementazione dei relativi modelli organizzativi, sia in procedimenti penali riguardanti la responsabilit\u00e0 penale d\u2019impresa. Si occupa anche di tematiche collegate alla normativa in materia di <em>data protection<\/em>.<\/p>\n<p>Ha svolto e svolge attivit\u00e0 di formazione relativamente al diritto penale dell\u2019economia.<\/p>\n<p>\u00c8 appassionato di sci (come praticante) e di rugby (come spettatore).<\/p>\n<p>E-mail: <a href=\"mailto:avv.basilio@studiopenalistiassociati.com\">avv.basilio@studiopenalistiassociati.com<\/a><\/p>\n<p>PEC: <a href=\"mailto:luca.basilio@cert.ordineavvocatimilano.it\">luca.basilio@cert.ordineavvocatimilano.it<\/a><\/p>\n<p><a href=\"https:\/\/www.linkedin.com\/in\/luca-basilio-57432763\/\" target=\"_blank\" rel=\"noopener\">Profilo LinkedIn<\/a><\/p>\n","protected":false},"excerpt":{"rendered":"<p>Partner. Laureato presso l&#8217;Universit\u00e0 degli studi di Milano. \u00c8 iscritto all\u2019Ordine degli Avvocati di Milano dal 1991 ed \u00e8 abilitato al patrocinio [&hellip;]<\/p>\n","protected":false},"author":1,"featured_media":0,"parent":29,"menu_order":1,"comment_status":"closed","ping_status":"closed","template":"page-templates\/page_fullwidth.php","meta":{"footnotes":""},"class_list":["post-180","page","type-page","status-publish","hentry"],"yoast_head":"<!-- This site is optimized with the Yoast SEO plugin v27.5 - https:\/\/yoast.com\/product\/yoast-seo-wordpress\/ -->\n<title>Luca Basilio -<\/title>\n<meta name=\"description\" content=\"Partner in SPA Studio Penalisti Associati. \u00c8 stato partner in studi legali multidisciplinari italiani, tra cui Rossotto e Associati, oggi RP Legal, ed \u00e8 stato per pi\u00f9 di quindici anni of counsel in Simmons &amp; Simmons, studio legale internazionale era responsabile in Italia per il team di White Collar Crime.\" \/>\n<meta name=\"robots\" content=\"index, follow, max-snippet:-1, max-image-preview:large, max-video-preview:-1\" \/>\n<link rel=\"canonical\" href=\"http:\/\/www.studiopenalistiassociati.net\/new\/i-professionisti\/luca-basilio\/\" \/>\n<meta property=\"og:locale\" content=\"it_IT\" \/>\n<meta property=\"og:type\" content=\"article\" \/>\n<meta property=\"og:title\" content=\"Luca Basilio -\" \/>\n<meta property=\"og:description\" content=\"Partner in SPA Studio Penalisti Associati. \u00c8 stato partner in studi legali multidisciplinari italiani, tra cui Rossotto e Associati, oggi RP Legal, ed \u00e8 stato per pi\u00f9 di quindici anni of counsel in Simmons &amp; Simmons, studio legale internazionale era responsabile in Italia per il team di White Collar Crime.\" \/>\n<meta property=\"og:url\" content=\"http:\/\/www.studiopenalistiassociati.net\/new\/i-professionisti\/luca-basilio\/\" \/>\n<meta property=\"article:modified_time\" content=\"2024-03-21T15:41:19+00:00\" \/>\n<meta property=\"og:image\" content=\"http:\/\/studiopenalistiassociati.net\/new\/wp-content\/uploads\/2018\/03\/luca-basilio.jpeg\" \/>\n<meta name=\"twitter:card\" content=\"summary_large_image\" \/>\n<meta name=\"twitter:label1\" content=\"Tempo di lettura stimato\" \/>\n\t<meta name=\"twitter:data1\" content=\"2 minuti\" \/>\n<script type=\"application\/ld+json\" class=\"yoast-schema-graph\">{\"@context\":\"https:\\\/\\\/schema.org\",\"@graph\":[{\"@type\":\"WebPage\",\"@id\":\"http:\\\/\\\/www.studiopenalistiassociati.net\\\/new\\\/i-professionisti\\\/luca-basilio\\\/\",\"url\":\"http:\\\/\\\/www.studiopenalistiassociati.net\\\/new\\\/i-professionisti\\\/luca-basilio\\\/\",\"name\":\"Luca Basilio -\",\"isPartOf\":{\"@id\":\"http:\\\/\\\/www.studiopenalistiassociati.net\\\/new\\\/#website\"},\"primaryImageOfPage\":{\"@id\":\"http:\\\/\\\/www.studiopenalistiassociati.net\\\/new\\\/i-professionisti\\\/luca-basilio\\\/#primaryimage\"},\"image\":{\"@id\":\"http:\\\/\\\/www.studiopenalistiassociati.net\\\/new\\\/i-professionisti\\\/luca-basilio\\\/#primaryimage\"},\"thumbnailUrl\":\"http:\\\/\\\/studiopenalistiassociati.net\\\/new\\\/wp-content\\\/uploads\\\/2018\\\/03\\\/luca-basilio.jpeg\",\"datePublished\":\"2017-08-02T16:15:31+00:00\",\"dateModified\":\"2024-03-21T15:41:19+00:00\",\"description\":\"Partner in SPA Studio Penalisti Associati. \u00c8 stato partner in studi legali multidisciplinari italiani, tra cui Rossotto e Associati, oggi RP Legal, ed \u00e8 stato per pi\u00f9 di quindici anni of counsel in Simmons & Simmons, studio legale internazionale era responsabile in Italia per il team di White Collar Crime.\",\"breadcrumb\":{\"@id\":\"http:\\\/\\\/www.studiopenalistiassociati.net\\\/new\\\/i-professionisti\\\/luca-basilio\\\/#breadcrumb\"},\"inLanguage\":\"it-IT\",\"potentialAction\":[{\"@type\":\"ReadAction\",\"target\":[\"http:\\\/\\\/www.studiopenalistiassociati.net\\\/new\\\/i-professionisti\\\/luca-basilio\\\/\"]}]},{\"@type\":\"ImageObject\",\"inLanguage\":\"it-IT\",\"@id\":\"http:\\\/\\\/www.studiopenalistiassociati.net\\\/new\\\/i-professionisti\\\/luca-basilio\\\/#primaryimage\",\"url\":\"http:\\\/\\\/studiopenalistiassociati.net\\\/new\\\/wp-content\\\/uploads\\\/2018\\\/03\\\/luca-basilio.jpeg\",\"contentUrl\":\"http:\\\/\\\/studiopenalistiassociati.net\\\/new\\\/wp-content\\\/uploads\\\/2018\\\/03\\\/luca-basilio.jpeg\"},{\"@type\":\"BreadcrumbList\",\"@id\":\"http:\\\/\\\/www.studiopenalistiassociati.net\\\/new\\\/i-professionisti\\\/luca-basilio\\\/#breadcrumb\",\"itemListElement\":[{\"@type\":\"ListItem\",\"position\":1,\"name\":\"Home\",\"item\":\"https:\\\/\\\/www.studiopenalistiassociati.net\\\/new\\\/\"},{\"@type\":\"ListItem\",\"position\":2,\"name\":\"I professionisti\",\"item\":\"https:\\\/\\\/www.studiopenalistiassociati.net\\\/new\\\/i-professionisti\\\/\"},{\"@type\":\"ListItem\",\"position\":3,\"name\":\"Luca Basilio\"}]},{\"@type\":\"WebSite\",\"@id\":\"http:\\\/\\\/www.studiopenalistiassociati.net\\\/new\\\/#website\",\"url\":\"http:\\\/\\\/www.studiopenalistiassociati.net\\\/new\\\/\",\"name\":\"\",\"description\":\"\",\"publisher\":{\"@id\":\"http:\\\/\\\/www.studiopenalistiassociati.net\\\/new\\\/#organization\"},\"potentialAction\":[{\"@type\":\"SearchAction\",\"target\":{\"@type\":\"EntryPoint\",\"urlTemplate\":\"http:\\\/\\\/www.studiopenalistiassociati.net\\\/new\\\/?s={search_term_string}\"},\"query-input\":{\"@type\":\"PropertyValueSpecification\",\"valueRequired\":true,\"valueName\":\"search_term_string\"}}],\"inLanguage\":\"it-IT\"},{\"@type\":\"Organization\",\"@id\":\"http:\\\/\\\/www.studiopenalistiassociati.net\\\/new\\\/#organization\",\"name\":\"Studio Penalisti Associati\",\"url\":\"http:\\\/\\\/www.studiopenalistiassociati.net\\\/new\\\/\",\"logo\":{\"@type\":\"ImageObject\",\"inLanguage\":\"it-IT\",\"@id\":\"http:\\\/\\\/www.studiopenalistiassociati.net\\\/new\\\/#\\\/schema\\\/logo\\\/image\\\/\",\"url\":\"http:\\\/\\\/studiopenalistiassociati.net\\\/new\\\/wp-content\\\/uploads\\\/2018\\\/03\\\/SPAlogo-favicom.jpg\",\"contentUrl\":\"http:\\\/\\\/studiopenalistiassociati.net\\\/new\\\/wp-content\\\/uploads\\\/2018\\\/03\\\/SPAlogo-favicom.jpg\",\"width\":150,\"height\":213,\"caption\":\"Studio Penalisti Associati\"},\"image\":{\"@id\":\"http:\\\/\\\/www.studiopenalistiassociati.net\\\/new\\\/#\\\/schema\\\/logo\\\/image\\\/\"},\"sameAs\":[\"https:\\\/\\\/it.linkedin.com\\\/company\\\/studio-penalisti-associati\"]}]}<\/script>\n<!-- \/ Yoast SEO plugin. -->","yoast_head_json":{"title":"Luca Basilio -","description":"Partner in SPA Studio Penalisti Associati. \u00c8 stato partner in studi legali multidisciplinari italiani, tra cui Rossotto e Associati, oggi RP Legal, ed \u00e8 stato per pi\u00f9 di quindici anni of counsel in Simmons & Simmons, studio legale internazionale era responsabile in Italia per il team di White Collar Crime.","robots":{"index":"index","follow":"follow","max-snippet":"max-snippet:-1","max-image-preview":"max-image-preview:large","max-video-preview":"max-video-preview:-1"},"canonical":"http:\/\/www.studiopenalistiassociati.net\/new\/i-professionisti\/luca-basilio\/","og_locale":"it_IT","og_type":"article","og_title":"Luca Basilio -","og_description":"Partner in SPA Studio Penalisti Associati. \u00c8 stato partner in studi legali multidisciplinari italiani, tra cui Rossotto e Associati, oggi RP Legal, ed \u00e8 stato per pi\u00f9 di quindici anni of counsel in Simmons & Simmons, studio legale internazionale era responsabile in Italia per il team di White Collar Crime.","og_url":"http:\/\/www.studiopenalistiassociati.net\/new\/i-professionisti\/luca-basilio\/","article_modified_time":"2024-03-21T15:41:19+00:00","og_image":[{"url":"http:\/\/studiopenalistiassociati.net\/new\/wp-content\/uploads\/2018\/03\/luca-basilio.jpeg","type":"","width":"","height":""}],"twitter_card":"summary_large_image","twitter_misc":{"Tempo di lettura stimato":"2 minuti"},"schema":{"@context":"https:\/\/schema.org","@graph":[{"@type":"WebPage","@id":"http:\/\/www.studiopenalistiassociati.net\/new\/i-professionisti\/luca-basilio\/","url":"http:\/\/www.studiopenalistiassociati.net\/new\/i-professionisti\/luca-basilio\/","name":"Luca Basilio -","isPartOf":{"@id":"http:\/\/www.studiopenalistiassociati.net\/new\/#website"},"primaryImageOfPage":{"@id":"http:\/\/www.studiopenalistiassociati.net\/new\/i-professionisti\/luca-basilio\/#primaryimage"},"image":{"@id":"http:\/\/www.studiopenalistiassociati.net\/new\/i-professionisti\/luca-basilio\/#primaryimage"},"thumbnailUrl":"http:\/\/studiopenalistiassociati.net\/new\/wp-content\/uploads\/2018\/03\/luca-basilio.jpeg","datePublished":"2017-08-02T16:15:31+00:00","dateModified":"2024-03-21T15:41:19+00:00","description":"Partner in SPA Studio Penalisti Associati. \u00c8 stato partner in studi legali multidisciplinari italiani, tra cui Rossotto e Associati, oggi RP Legal, ed \u00e8 stato per pi\u00f9 di quindici anni of counsel in Simmons & Simmons, studio legale internazionale era responsabile in Italia per il team di White Collar Crime.","breadcrumb":{"@id":"http:\/\/www.studiopenalistiassociati.net\/new\/i-professionisti\/luca-basilio\/#breadcrumb"},"inLanguage":"it-IT","potentialAction":[{"@type":"ReadAction","target":["http:\/\/www.studiopenalistiassociati.net\/new\/i-professionisti\/luca-basilio\/"]}]},{"@type":"ImageObject","inLanguage":"it-IT","@id":"http:\/\/www.studiopenalistiassociati.net\/new\/i-professionisti\/luca-basilio\/#primaryimage","url":"http:\/\/studiopenalistiassociati.net\/new\/wp-content\/uploads\/2018\/03\/luca-basilio.jpeg","contentUrl":"http:\/\/studiopenalistiassociati.net\/new\/wp-content\/uploads\/2018\/03\/luca-basilio.jpeg"},{"@type":"BreadcrumbList","@id":"http:\/\/www.studiopenalistiassociati.net\/new\/i-professionisti\/luca-basilio\/#breadcrumb","itemListElement":[{"@type":"ListItem","position":1,"name":"Home","item":"https:\/\/www.studiopenalistiassociati.net\/new\/"},{"@type":"ListItem","position":2,"name":"I professionisti","item":"https:\/\/www.studiopenalistiassociati.net\/new\/i-professionisti\/"},{"@type":"ListItem","position":3,"name":"Luca Basilio"}]},{"@type":"WebSite","@id":"http:\/\/www.studiopenalistiassociati.net\/new\/#website","url":"http:\/\/www.studiopenalistiassociati.net\/new\/","name":"","description":"","publisher":{"@id":"http:\/\/www.studiopenalistiassociati.net\/new\/#organization"},"potentialAction":[{"@type":"SearchAction","target":{"@type":"EntryPoint","urlTemplate":"http:\/\/www.studiopenalistiassociati.net\/new\/?s={search_term_string}"},"query-input":{"@type":"PropertyValueSpecification","valueRequired":true,"valueName":"search_term_string"}}],"inLanguage":"it-IT"},{"@type":"Organization","@id":"http:\/\/www.studiopenalistiassociati.net\/new\/#organization","name":"Studio Penalisti Associati","url":"http:\/\/www.studiopenalistiassociati.net\/new\/","logo":{"@type":"ImageObject","inLanguage":"it-IT","@id":"http:\/\/www.studiopenalistiassociati.net\/new\/#\/schema\/logo\/image\/","url":"http:\/\/studiopenalistiassociati.net\/new\/wp-content\/uploads\/2018\/03\/SPAlogo-favicom.jpg","contentUrl":"http:\/\/studiopenalistiassociati.net\/new\/wp-content\/uploads\/2018\/03\/SPAlogo-favicom.jpg","width":150,"height":213,"caption":"Studio Penalisti Associati"},"image":{"@id":"http:\/\/www.studiopenalistiassociati.net\/new\/#\/schema\/logo\/image\/"},"sameAs":["https:\/\/it.linkedin.com\/company\/studio-penalisti-associati"]}]}},"_links":{"self":[{"href":"http:\/\/www.studiopenalistiassociati.net\/new\/wp-json\/wp\/v2\/pages\/180","targetHints":{"allow":["GET"]}}],"collection":[{"href":"http:\/\/www.studiopenalistiassociati.net\/new\/wp-json\/wp\/v2\/pages"}],"about":[{"href":"http:\/\/www.studiopenalistiassociati.net\/new\/wp-json\/wp\/v2\/types\/page"}],"author":[{"embeddable":true,"href":"http:\/\/www.studiopenalistiassociati.net\/new\/wp-json\/wp\/v2\/users\/1"}],"replies":[{"embeddable":true,"href":"http:\/\/www.studiopenalistiassociati.net\/new\/wp-json\/wp\/v2\/comments?post=180"}],"version-history":[{"count":10,"href":"http:\/\/www.studiopenalistiassociati.net\/new\/wp-json\/wp\/v2\/pages\/180\/revisions"}],"predecessor-version":[{"id":1805,"href":"http:\/\/www.studiopenalistiassociati.net\/new\/wp-json\/wp\/v2\/pages\/180\/revisions\/1805"}],"up":[{"embeddable":true,"href":"http:\/\/www.studiopenalistiassociati.net\/new\/wp-json\/wp\/v2\/pages\/29"}],"wp:attachment":[{"href":"http:\/\/www.studiopenalistiassociati.net\/new\/wp-json\/wp\/v2\/media?parent=180"}],"curies":[{"name":"wp","href":"https:\/\/api.w.org\/{rel}","templated":true}]}}