{"id":273,"date":"2017-09-14T15:16:01","date_gmt":"2017-09-14T15:16:01","guid":{"rendered":"http:\/\/avvspa\/?page_id=273"},"modified":"2018-04-09T07:50:37","modified_gmt":"2018-04-09T07:50:37","slug":"chi-siamo","status":"publish","type":"page","link":"http:\/\/www.studiopenalistiassociati.net\/new\/lo-studio\/chi-siamo\/","title":{"rendered":"Chi siamo"},"content":{"rendered":"<p>SPA Studio Penalisti Associati \u00e8 una\u00a0<em>boutique<\/em> specializzata nel settore del diritto penale dell\u2019economia.<\/p>\n<p>Tutti i soci hanno operato per molto tempo in realt\u00e0 professionali multidisciplinari, di grandi o medie dimensioni e finanche internazionali, maturando cos\u00ec la capacit\u00e0 di interfacciarsi con altre professionalit\u00e0 e di gestire \u2013 anche organizzativamente \u2013 vicende, giudiziali e stragiudiziali, a contenuto complesso.<\/p>\n<p>L\u2019idea che sta alla base di SPA Studio Penalisti Associati \u00e8 che il futuro di un cosiddetto <em>white collar crime lawyer<\/em> non sia all\u2019interno di impersonali aggregati di diverse professionalit\u00e0, ma nella forte specializzazione professionale e indipendenza, accompagnata dalla capacit\u00e0 di fare squadra, anche\u00a0con diversificate professionalit\u00e0 esterne.<\/p>\n<p>Ci\u00f2 per fornire da un lato un servizio \u201csu misura\u201d, capace di dare soddisfazione alla persona coinvolta in concreto, e dall&#8217;altro lato per rispondere alle esigenze di enti o societ\u00e0 che hanno nell\u2019organizzazione d\u2019impresa un imprescindibile vincolo.<\/p>\n","protected":false},"excerpt":{"rendered":"<p>SPA Studio Penalisti Associati \u00e8 una\u00a0boutique specializzata nel settore del diritto penale dell\u2019economia. Tutti i soci hanno operato per molto tempo in [&hellip;]<\/p>\n","protected":false},"author":1,"featured_media":0,"parent":292,"menu_order":2,"comment_status":"closed","ping_status":"closed","template":"page-templates\/page_fullwidth.php","meta":{"footnotes":""},"class_list":["post-273","page","type-page","status-publish","hentry"],"yoast_head":"<!-- This site is optimized with the Yoast SEO plugin v27.5 - https:\/\/yoast.com\/product\/yoast-seo-wordpress\/ -->\n<title>Chi siamo -<\/title>\n<meta name=\"description\" content=\"SPA Studio Penalisti Associati nasce nel 2010 come boutique specializzata nel settore del diritto penale dell\u2019economia. Tutti i soci hanno operato per molto tempo in realt\u00e0 professionali multidisciplinari, di grandi o medie dimensioni.\" \/>\n<meta name=\"robots\" content=\"index, follow, max-snippet:-1, max-image-preview:large, max-video-preview:-1\" \/>\n<link rel=\"canonical\" href=\"http:\/\/www.studiopenalistiassociati.net\/new\/lo-studio\/chi-siamo\/\" \/>\n<meta property=\"og:locale\" content=\"it_IT\" \/>\n<meta property=\"og:type\" content=\"article\" \/>\n<meta property=\"og:title\" content=\"Chi siamo -\" \/>\n<meta property=\"og:description\" content=\"SPA Studio Penalisti Associati nasce nel 2010 come boutique specializzata nel settore del diritto penale dell\u2019economia. Tutti i soci hanno operato per molto tempo in realt\u00e0 professionali multidisciplinari, di grandi o medie dimensioni.\" \/>\n<meta property=\"og:url\" content=\"http:\/\/www.studiopenalistiassociati.net\/new\/lo-studio\/chi-siamo\/\" \/>\n<meta property=\"article:modified_time\" content=\"2018-04-09T07:50:37+00:00\" \/>\n<meta name=\"twitter:card\" content=\"summary_large_image\" \/>\n<meta name=\"twitter:label1\" content=\"Tempo di lettura stimato\" \/>\n\t<meta name=\"twitter:data1\" content=\"1 minuto\" \/>\n<script type=\"application\/ld+json\" class=\"yoast-schema-graph\">{\"@context\":\"https:\\\/\\\/schema.org\",\"@graph\":[{\"@type\":\"WebPage\",\"@id\":\"http:\\\/\\\/www.studiopenalistiassociati.net\\\/new\\\/lo-studio\\\/chi-siamo\\\/\",\"url\":\"http:\\\/\\\/www.studiopenalistiassociati.net\\\/new\\\/lo-studio\\\/chi-siamo\\\/\",\"name\":\"Chi siamo -\",\"isPartOf\":{\"@id\":\"http:\\\/\\\/www.studiopenalistiassociati.net\\\/new\\\/#website\"},\"datePublished\":\"2017-09-14T15:16:01+00:00\",\"dateModified\":\"2018-04-09T07:50:37+00:00\",\"description\":\"SPA Studio Penalisti Associati nasce nel 2010 come boutique specializzata nel settore del diritto penale dell\u2019economia. Tutti i soci hanno operato per molto tempo in realt\u00e0 professionali multidisciplinari, di grandi o medie dimensioni.\",\"breadcrumb\":{\"@id\":\"http:\\\/\\\/www.studiopenalistiassociati.net\\\/new\\\/lo-studio\\\/chi-siamo\\\/#breadcrumb\"},\"inLanguage\":\"it-IT\",\"potentialAction\":[{\"@type\":\"ReadAction\",\"target\":[\"http:\\\/\\\/www.studiopenalistiassociati.net\\\/new\\\/lo-studio\\\/chi-siamo\\\/\"]}]},{\"@type\":\"BreadcrumbList\",\"@id\":\"http:\\\/\\\/www.studiopenalistiassociati.net\\\/new\\\/lo-studio\\\/chi-siamo\\\/#breadcrumb\",\"itemListElement\":[{\"@type\":\"ListItem\",\"position\":1,\"name\":\"Home\",\"item\":\"https:\\\/\\\/www.studiopenalistiassociati.net\\\/new\\\/\"},{\"@type\":\"ListItem\",\"position\":2,\"name\":\"Lo studio\",\"item\":\"http:\\\/\\\/www.studiopenalistiassociati.net\\\/new\\\/lo-studio\\\/\"},{\"@type\":\"ListItem\",\"position\":3,\"name\":\"Chi siamo\"}]},{\"@type\":\"WebSite\",\"@id\":\"http:\\\/\\\/www.studiopenalistiassociati.net\\\/new\\\/#website\",\"url\":\"http:\\\/\\\/www.studiopenalistiassociati.net\\\/new\\\/\",\"name\":\"\",\"description\":\"\",\"publisher\":{\"@id\":\"http:\\\/\\\/www.studiopenalistiassociati.net\\\/new\\\/#organization\"},\"potentialAction\":[{\"@type\":\"SearchAction\",\"target\":{\"@type\":\"EntryPoint\",\"urlTemplate\":\"http:\\\/\\\/www.studiopenalistiassociati.net\\\/new\\\/?s={search_term_string}\"},\"query-input\":{\"@type\":\"PropertyValueSpecification\",\"valueRequired\":true,\"valueName\":\"search_term_string\"}}],\"inLanguage\":\"it-IT\"},{\"@type\":\"Organization\",\"@id\":\"http:\\\/\\\/www.studiopenalistiassociati.net\\\/new\\\/#organization\",\"name\":\"Studio Penalisti Associati\",\"url\":\"http:\\\/\\\/www.studiopenalistiassociati.net\\\/new\\\/\",\"logo\":{\"@type\":\"ImageObject\",\"inLanguage\":\"it-IT\",\"@id\":\"http:\\\/\\\/www.studiopenalistiassociati.net\\\/new\\\/#\\\/schema\\\/logo\\\/image\\\/\",\"url\":\"http:\\\/\\\/studiopenalistiassociati.net\\\/new\\\/wp-content\\\/uploads\\\/2018\\\/03\\\/SPAlogo-favicom.jpg\",\"contentUrl\":\"http:\\\/\\\/studiopenalistiassociati.net\\\/new\\\/wp-content\\\/uploads\\\/2018\\\/03\\\/SPAlogo-favicom.jpg\",\"width\":150,\"height\":213,\"caption\":\"Studio Penalisti Associati\"},\"image\":{\"@id\":\"http:\\\/\\\/www.studiopenalistiassociati.net\\\/new\\\/#\\\/schema\\\/logo\\\/image\\\/\"},\"sameAs\":[\"https:\\\/\\\/it.linkedin.com\\\/company\\\/studio-penalisti-associati\"]}]}<\/script>\n<!-- \/ Yoast SEO plugin. -->","yoast_head_json":{"title":"Chi siamo -","description":"SPA Studio Penalisti Associati nasce nel 2010 come boutique specializzata nel settore del diritto penale dell\u2019economia. Tutti i soci hanno operato per molto tempo in realt\u00e0 professionali multidisciplinari, di grandi o medie dimensioni.","robots":{"index":"index","follow":"follow","max-snippet":"max-snippet:-1","max-image-preview":"max-image-preview:large","max-video-preview":"max-video-preview:-1"},"canonical":"http:\/\/www.studiopenalistiassociati.net\/new\/lo-studio\/chi-siamo\/","og_locale":"it_IT","og_type":"article","og_title":"Chi siamo -","og_description":"SPA Studio Penalisti Associati nasce nel 2010 come boutique specializzata nel settore del diritto penale dell\u2019economia. Tutti i soci hanno operato per molto tempo in realt\u00e0 professionali multidisciplinari, di grandi o medie dimensioni.","og_url":"http:\/\/www.studiopenalistiassociati.net\/new\/lo-studio\/chi-siamo\/","article_modified_time":"2018-04-09T07:50:37+00:00","twitter_card":"summary_large_image","twitter_misc":{"Tempo di lettura stimato":"1 minuto"},"schema":{"@context":"https:\/\/schema.org","@graph":[{"@type":"WebPage","@id":"http:\/\/www.studiopenalistiassociati.net\/new\/lo-studio\/chi-siamo\/","url":"http:\/\/www.studiopenalistiassociati.net\/new\/lo-studio\/chi-siamo\/","name":"Chi siamo -","isPartOf":{"@id":"http:\/\/www.studiopenalistiassociati.net\/new\/#website"},"datePublished":"2017-09-14T15:16:01+00:00","dateModified":"2018-04-09T07:50:37+00:00","description":"SPA Studio Penalisti Associati nasce nel 2010 come boutique specializzata nel settore del diritto penale dell\u2019economia. Tutti i soci hanno operato per molto tempo in realt\u00e0 professionali multidisciplinari, di grandi o medie dimensioni.","breadcrumb":{"@id":"http:\/\/www.studiopenalistiassociati.net\/new\/lo-studio\/chi-siamo\/#breadcrumb"},"inLanguage":"it-IT","potentialAction":[{"@type":"ReadAction","target":["http:\/\/www.studiopenalistiassociati.net\/new\/lo-studio\/chi-siamo\/"]}]},{"@type":"BreadcrumbList","@id":"http:\/\/www.studiopenalistiassociati.net\/new\/lo-studio\/chi-siamo\/#breadcrumb","itemListElement":[{"@type":"ListItem","position":1,"name":"Home","item":"https:\/\/www.studiopenalistiassociati.net\/new\/"},{"@type":"ListItem","position":2,"name":"Lo studio","item":"http:\/\/www.studiopenalistiassociati.net\/new\/lo-studio\/"},{"@type":"ListItem","position":3,"name":"Chi siamo"}]},{"@type":"WebSite","@id":"http:\/\/www.studiopenalistiassociati.net\/new\/#website","url":"http:\/\/www.studiopenalistiassociati.net\/new\/","name":"","description":"","publisher":{"@id":"http:\/\/www.studiopenalistiassociati.net\/new\/#organization"},"potentialAction":[{"@type":"SearchAction","target":{"@type":"EntryPoint","urlTemplate":"http:\/\/www.studiopenalistiassociati.net\/new\/?s={search_term_string}"},"query-input":{"@type":"PropertyValueSpecification","valueRequired":true,"valueName":"search_term_string"}}],"inLanguage":"it-IT"},{"@type":"Organization","@id":"http:\/\/www.studiopenalistiassociati.net\/new\/#organization","name":"Studio Penalisti Associati","url":"http:\/\/www.studiopenalistiassociati.net\/new\/","logo":{"@type":"ImageObject","inLanguage":"it-IT","@id":"http:\/\/www.studiopenalistiassociati.net\/new\/#\/schema\/logo\/image\/","url":"http:\/\/studiopenalistiassociati.net\/new\/wp-content\/uploads\/2018\/03\/SPAlogo-favicom.jpg","contentUrl":"http:\/\/studiopenalistiassociati.net\/new\/wp-content\/uploads\/2018\/03\/SPAlogo-favicom.jpg","width":150,"height":213,"caption":"Studio Penalisti Associati"},"image":{"@id":"http:\/\/www.studiopenalistiassociati.net\/new\/#\/schema\/logo\/image\/"},"sameAs":["https:\/\/it.linkedin.com\/company\/studio-penalisti-associati"]}]}},"_links":{"self":[{"href":"http:\/\/www.studiopenalistiassociati.net\/new\/wp-json\/wp\/v2\/pages\/273","targetHints":{"allow":["GET"]}}],"collection":[{"href":"http:\/\/www.studiopenalistiassociati.net\/new\/wp-json\/wp\/v2\/pages"}],"about":[{"href":"http:\/\/www.studiopenalistiassociati.net\/new\/wp-json\/wp\/v2\/types\/page"}],"author":[{"embeddable":true,"href":"http:\/\/www.studiopenalistiassociati.net\/new\/wp-json\/wp\/v2\/users\/1"}],"replies":[{"embeddable":true,"href":"http:\/\/www.studiopenalistiassociati.net\/new\/wp-json\/wp\/v2\/comments?post=273"}],"version-history":[{"count":4,"href":"http:\/\/www.studiopenalistiassociati.net\/new\/wp-json\/wp\/v2\/pages\/273\/revisions"}],"predecessor-version":[{"id":1589,"href":"http:\/\/www.studiopenalistiassociati.net\/new\/wp-json\/wp\/v2\/pages\/273\/revisions\/1589"}],"up":[{"embeddable":true,"href":"http:\/\/www.studiopenalistiassociati.net\/new\/wp-json\/wp\/v2\/pages\/292"}],"wp:attachment":[{"href":"http:\/\/www.studiopenalistiassociati.net\/new\/wp-json\/wp\/v2\/media?parent=273"}],"curies":[{"name":"wp","href":"https:\/\/api.w.org\/{rel}","templated":true}]}}